{"id":489,"date":"2020-10-16T17:41:01","date_gmt":"2020-10-16T14:41:01","guid":{"rendered":"https:\/\/www.grafas.org\/demo01\/?page_id=489"},"modified":"2025-06-17T21:16:29","modified_gmt":"2025-06-17T19:16:29","slug":"o-nas","status":"publish","type":"page","link":"https:\/\/www.bodyclub.cz\/index.php\/o-nas\/","title":{"rendered":"O n\u00e1s"},"content":{"rendered":"\t\t<div data-elementor-type=\"wp-page\" data-elementor-id=\"489\" class=\"elementor elementor-489\">\n\t\t\t\t\t\t<section class=\"elementor-section elementor-top-section elementor-element elementor-element-8828dd8 elementor-section-height-min-height elementor-section-items-bottom elementor-section-boxed elementor-section-height-default\" data-id=\"8828dd8\" data-element_type=\"section\" data-settings=\"{&quot;background_background&quot;:&quot;classic&quot;}\">\n\t\t\t\t\t\t\t<div class=\"elementor-background-overlay\"><\/div>\n\t\t\t\t\t\t\t<div class=\"elementor-container elementor-column-gap-default\">\n\t\t\t\t\t<div class=\"elementor-column elementor-col-100 elementor-top-column elementor-element elementor-element-6d43801\" data-id=\"6d43801\" data-element_type=\"column\">\n\t\t\t<div class=\"elementor-widget-wrap elementor-element-populated\">\n\t\t\t\t\t\t<div class=\"elementor-element elementor-element-31c8d6d elementor-widget elementor-widget-heading\" data-id=\"31c8d6d\" data-element_type=\"widget\" data-widget_type=\"heading.default\">\n\t\t\t\t<div class=\"elementor-widget-container\">\n\t\t\t<h1 class=\"elementor-heading-title elementor-size-default\">O n\u00e1s<\/h1>\t\t<\/div>\n\t\t\t\t<\/div>\n\t\t\t\t<div class=\"elementor-element elementor-element-9a9b4e4 elementor-hidden-phone elementor-widget elementor-widget-spacer\" data-id=\"9a9b4e4\" data-element_type=\"widget\" data-widget_type=\"spacer.default\">\n\t\t\t\t<div class=\"elementor-widget-container\">\n\t\t\t\t\t<div class=\"elementor-spacer\">\n\t\t\t<div class=\"elementor-spacer-inner\"><\/div>\n\t\t<\/div>\n\t\t\t\t<\/div>\n\t\t\t\t<\/div>\n\t\t\t\t\t<\/div>\n\t\t<\/div>\n\t\t\t\t\t<\/div>\n\t\t<\/section>\n\t\t<div class=\"elementor-element elementor-element-209b9fe e-flex e-con-boxed e-con e-parent\" data-id=\"209b9fe\" data-element_type=\"container\">\n\t\t\t\t\t<div class=\"e-con-inner\">\n\t\t\t\t<div class=\"elementor-element elementor-element-85fc2a9 elementor-widget elementor-widget-heading\" data-id=\"85fc2a9\" data-element_type=\"widget\" data-widget_type=\"heading.default\">\n\t\t\t\t<div class=\"elementor-widget-container\">\n\t\t\t<h3 class=\"elementor-heading-title elementor-size-default\">Co je Body Club<\/h3>\t\t<\/div>\n\t\t\t\t<\/div>\n\t\t\t\t<div class=\"elementor-element elementor-element-f76a370 elementor-widget elementor-widget-text-editor\" data-id=\"f76a370\" data-element_type=\"widget\" data-widget_type=\"text-editor.default\">\n\t\t\t\t<div class=\"elementor-widget-container\">\n\t\t\t\t\t\t\t<p class=\"p1\">Ji\u017e od roku 1998 po\u0159\u00e1d\u00e1 BODY CLUB, z.s. letn\u00ed rekreace. Tyto rekreace jsou ur\u010deny d\u011btem ve v\u011bku od 6 do 16 let.<br \/>Zimn\u00ed rekreace po\u0159\u00e1d\u00e1 BODY SKI, z.s.. Tyto rekreace jsou ur\u010deny pouze pro rodiny s d\u011btmi.<\/p><p class=\"p1\">Velk\u00fd d\u016fraz je kladen nejen na kvalitu programov\u00e9 n\u00e1pln\u011b, ale tak\u00e9 na nadstandardn\u00ed \u00farove\u0148 ubytov\u00e1n\u00ed a stravov\u00e1n\u00ed.<\/p><p class=\"p1\">V zim\u011b se rekreace kon\u00e1 v Jesen\u00edk\u00e1ch-Mal\u00e9 Mor\u00e1vce, v hotelu Brans (<a href=\"http:\/\/www.brans.cz\/\"><span class=\"s1\"><b>www.brans.cz<\/b><\/span><\/a>), v\u017edy v dob\u011b jarn\u00edch pr\u00e1zdnin Zl\u00ednsk\u00e9ho a Jihomoravsk\u00e9ho kraje. Pobyt je zam\u011b\u0159en na ly\u017eov\u00e1n\u00ed a snowboarding ve SKI are\u00e1lu Kop\u0159ivn\u00e1 (<a href=\"http:\/\/www.koprivna.cz\/\"><span class=\"s1\"><b>www.koprivna.cz<\/b><\/span><\/a>) &#8211; 740 m.n.m, kde je ji\u017e v provozu nov\u00e1 vyh\u0159\u00edvan\u00e1 6-ti seda\u010dkov\u00e1 lanovka s bublinou.<\/p><p class=\"p1\">Letn\u00ed rekreace prob\u00edh\u00e1 v penzionu <a href=\"https:\/\/www.penzionuraztoky.cz\/\"><span class=\"s1\"><b>U R\u00e1ztoky<\/b><\/span><\/a> na Rusav\u011b a v rekrea\u010dn\u00edm st\u0159edisku <a href=\"http:\/\/www.revika.cz\/\"><span class=\"s1\"><b>Revika<\/b><\/span><\/a> ve Vizov\u00edc\u00edch. Ob\u011b rekrea\u010dn\u00ed za\u0159\u00edzen\u00ed jsou um\u00edst\u011bny v malebn\u00e9 p\u0159\u00edrod\u011b Host\u00fdnsk\u00fdch a Vizovick\u00fdch vrch\u016f. Toto n\u00e1dhern\u00e9 prost\u0159ed\u00ed umo\u017e\u0148uje nad\u0161en\u00fdm vedouc\u00edm organizovat pro d\u011bti pestr\u00fd program, kde nikdy nechyb\u00ed plav\u00e1n\u00ed, sportovn\u00ed aktivity, turistick\u00e9 v\u00fdlety, z\u00e1bavn\u00e9 hry a sout\u011b\u017ee, vystoupen\u00ed, karneval a ka\u017ed\u00fd rok tak\u00e9 speci\u00e1ln\u00ed p\u0159ekvapen\u00ed.\u00a0<\/p><p>O d\u011bti se staraj\u00ed zku\u0161en\u00ed a pro\u0161kolen\u00ed vedouc\u00ed, kte\u0159\u00ed tuto \u010dinnost vykon\u00e1vaj\u00ed s radost\u00ed.<\/p><p>P\u0159edsedkyn\u00ed BODY CLUBU, z.s. a hlavn\u00ed vedouc\u00ed t\u00e1bora je Mgr. Ad\u00e9la \u0160laha\u0159ov\u00e1. Spole\u010dn\u011b s man\u017eelem Jakubem \u0160laha\u0159em dohl\u00ed\u017e\u00ed b\u011bhem jednotliv\u00fdch pobyt\u016f na kvalitu poskytovan\u00fdch slu\u017eeb a staraj\u00ed se o programovou n\u00e1pl\u0148.<\/p><p class=\"p1\">P\u0159edsedou BODY SKI CLUBU, z.s. a hlavn\u00edm vedouc\u00edm t\u00e1bora je Miloslav Ji\u0159\u00ed\u010dek.\u00a0<\/p><p class=\"p1\">V p\u0159\u00edpad\u011b zru\u0161en\u00ed pobytu z d\u016fvodu nemoci d\u00edt\u011bte nejsou \u00fa\u010dtov\u00e1ny stornopoplatky.<\/p>\t\t\t\t\t\t<\/div>\n\t\t\t\t<\/div>\n\t\t\t\t\t<\/div>\n\t\t\t\t<\/div>\n\t\t\t\t<section class=\"elementor-section elementor-top-section elementor-element elementor-element-2ff4d3b elementor-section-boxed elementor-section-height-default elementor-section-height-default\" data-id=\"2ff4d3b\" data-element_type=\"section\">\n\t\t\t\t\t\t<div class=\"elementor-container elementor-column-gap-default\">\n\t\t\t\t\t<div class=\"elementor-column elementor-col-100 elementor-top-column elementor-element elementor-element-6f02ef1\" data-id=\"6f02ef1\" data-element_type=\"column\">\n\t\t\t<div class=\"elementor-widget-wrap elementor-element-populated\">\n\t\t\t\t\t\t<div class=\"elementor-element elementor-element-ce0fb49 elementor-widget elementor-widget-heading\" data-id=\"ce0fb49\" data-element_type=\"widget\" data-widget_type=\"heading.default\">\n\t\t\t\t<div class=\"elementor-widget-container\">\n\t\t\t<h4 class=\"elementor-heading-title elementor-size-default\">Podporuj\u00ed n\u00e1s<\/h4>\t\t<\/div>\n\t\t\t\t<\/div>\n\t\t\t\t<div class=\"elementor-element elementor-element-842761e elementor-widget elementor-widget-image-carousel\" data-id=\"842761e\" data-element_type=\"widget\" data-settings=\"{&quot;slides_to_show&quot;:&quot;5&quot;,&quot;navigation&quot;:&quot;none&quot;,&quot;slides_to_show_mobile&quot;:&quot;2&quot;,&quot;autoplay_speed&quot;:1000,&quot;autoplay&quot;:&quot;yes&quot;,&quot;pause_on_hover&quot;:&quot;yes&quot;,&quot;pause_on_interaction&quot;:&quot;yes&quot;,&quot;infinite&quot;:&quot;yes&quot;,&quot;speed&quot;:500}\" data-widget_type=\"image-carousel.default\">\n\t\t\t\t<div class=\"elementor-widget-container\">\n\t\t\t\t\t<div class=\"elementor-image-carousel-wrapper swiper\" dir=\"ltr\">\n\t\t\t<div class=\"elementor-image-carousel swiper-wrapper\" aria-live=\"off\">\n\t\t\t\t\t\t\t\t<div class=\"swiper-slide\" role=\"group\" aria-roledescription=\"slide\" aria-label=\"1 z 23\"><figure class=\"swiper-slide-inner\"><img decoding=\"async\" class=\"swiper-slide-image\" src=\"https:\/\/www.bodyclub.cz\/wp-content\/uploads\/2024\/11\/logo-VEST.webp\" alt=\"logo VEST\" \/><\/figure><\/div><div class=\"swiper-slide\" role=\"group\" aria-roledescription=\"slide\" aria-label=\"2 z 23\"><figure class=\"swiper-slide-inner\"><img decoding=\"async\" class=\"swiper-slide-image\" src=\"https:\/\/www.bodyclub.cz\/wp-content\/uploads\/2024\/11\/AdriaG.jpg\" alt=\"AdriaG\" \/><\/figure><\/div><div class=\"swiper-slide\" role=\"group\" aria-roledescription=\"slide\" aria-label=\"3 z 23\"><figure class=\"swiper-slide-inner\"><img decoding=\"async\" class=\"swiper-slide-image\" src=\"https:\/\/www.bodyclub.cz\/wp-content\/uploads\/2024\/11\/Jana.jpg\" alt=\"Jana\" \/><\/figure><\/div><div class=\"swiper-slide\" role=\"group\" aria-roledescription=\"slide\" aria-label=\"4 z 23\"><figure class=\"swiper-slide-inner\"><img decoding=\"async\" class=\"swiper-slide-image\" src=\"https:\/\/www.bodyclub.cz\/wp-content\/uploads\/2024\/11\/Capri.jpg\" alt=\"Capri\" \/><\/figure><\/div><div class=\"swiper-slide\" role=\"group\" aria-roledescription=\"slide\" aria-label=\"5 z 23\"><figure class=\"swiper-slide-inner\"><img decoding=\"async\" class=\"swiper-slide-image\" src=\"https:\/\/www.bodyclub.cz\/wp-content\/uploads\/2024\/11\/logo-MCDonald-1.jpg\" alt=\"logo MCDonald\" \/><\/figure><\/div><div class=\"swiper-slide\" role=\"group\" aria-roledescription=\"slide\" aria-label=\"6 z 23\"><figure class=\"swiper-slide-inner\"><img decoding=\"async\" class=\"swiper-slide-image\" src=\"https:\/\/www.bodyclub.cz\/wp-content\/uploads\/2025\/02\/terno.png\" alt=\"terno\" \/><\/figure><\/div><div class=\"swiper-slide\" role=\"group\" aria-roledescription=\"slide\" aria-label=\"7 z 23\"><figure class=\"swiper-slide-inner\"><img decoding=\"async\" class=\"swiper-slide-image\" src=\"https:\/\/www.bodyclub.cz\/wp-content\/uploads\/2024\/11\/Svob_Bre.jpg\" alt=\"Svob_Bre\" \/><\/figure><\/div><div class=\"swiper-slide\" role=\"group\" aria-roledescription=\"slide\" aria-label=\"8 z 23\"><figure class=\"swiper-slide-inner\"><img decoding=\"async\" class=\"swiper-slide-image\" src=\"https:\/\/www.bodyclub.cz\/wp-content\/uploads\/2024\/11\/Kamaro.jpg\" alt=\"Kamaro\" \/><\/figure><\/div><div class=\"swiper-slide\" role=\"group\" aria-roledescription=\"slide\" aria-label=\"9 z 23\"><figure class=\"swiper-slide-inner\"><img decoding=\"async\" class=\"swiper-slide-image\" src=\"https:\/\/www.bodyclub.cz\/wp-content\/uploads\/2024\/11\/Toboga.jpg\" alt=\"Toboga\" \/><\/figure><\/div><div class=\"swiper-slide\" role=\"group\" aria-roledescription=\"slide\" aria-label=\"10 z 23\"><figure class=\"swiper-slide-inner\"><img decoding=\"async\" class=\"swiper-slide-image\" src=\"https:\/\/www.bodyclub.cz\/wp-content\/uploads\/2024\/11\/Wicke.jpg\" alt=\"Wicke\" \/><\/figure><\/div><div class=\"swiper-slide\" role=\"group\" aria-roledescription=\"slide\" aria-label=\"11 z 23\"><figure class=\"swiper-slide-inner\"><img decoding=\"async\" class=\"swiper-slide-image\" src=\"https:\/\/www.bodyclub.cz\/wp-content\/uploads\/2024\/11\/Rovenika.jpg\" alt=\"Rovenika\" \/><\/figure><\/div><div class=\"swiper-slide\" role=\"group\" aria-roledescription=\"slide\" aria-label=\"12 z 23\"><figure class=\"swiper-slide-inner\"><img decoding=\"async\" class=\"swiper-slide-image\" src=\"https:\/\/www.bodyclub.cz\/wp-content\/uploads\/2024\/11\/PODpivovar.jpg\" alt=\"PODpivovar\" \/><\/figure><\/div><div class=\"swiper-slide\" role=\"group\" aria-roledescription=\"slide\" aria-label=\"13 z 23\"><figure class=\"swiper-slide-inner\"><img decoding=\"async\" class=\"swiper-slide-image\" src=\"https:\/\/www.bodyclub.cz\/wp-content\/uploads\/2025\/02\/Coral-Travel_logo.png\" alt=\"Coral Travel_logo\" \/><\/figure><\/div><div class=\"swiper-slide\" role=\"group\" aria-roledescription=\"slide\" aria-label=\"14 z 23\"><figure class=\"swiper-slide-inner\"><img decoding=\"async\" class=\"swiper-slide-image\" src=\"https:\/\/www.bodyclub.cz\/wp-content\/uploads\/2024\/11\/Prohevea.jpg\" alt=\"Prohevea\" \/><\/figure><\/div><div class=\"swiper-slide\" role=\"group\" aria-roledescription=\"slide\" aria-label=\"15 z 23\"><figure class=\"swiper-slide-inner\"><img decoding=\"async\" class=\"swiper-slide-image\" src=\"https:\/\/www.bodyclub.cz\/wp-content\/uploads\/2024\/11\/2018_LOGO_JIP_S_PRECHODY.png\" alt=\"2018_LOGO_JIP_S_PRECHODY\" \/><\/figure><\/div><div class=\"swiper-slide\" role=\"group\" aria-roledescription=\"slide\" aria-label=\"16 z 23\"><figure class=\"swiper-slide-inner\"><img decoding=\"async\" class=\"swiper-slide-image\" src=\"https:\/\/www.bodyclub.cz\/wp-content\/uploads\/2024\/11\/ICA.jpg\" alt=\"ICA\" \/><\/figure><\/div><div class=\"swiper-slide\" role=\"group\" aria-roledescription=\"slide\" aria-label=\"17 z 23\"><figure class=\"swiper-slide-inner\"><img decoding=\"async\" class=\"swiper-slide-image\" src=\"https:\/\/www.bodyclub.cz\/wp-content\/uploads\/2024\/11\/Gugex.jpg\" alt=\"Gugex\" \/><\/figure><\/div><div class=\"swiper-slide\" role=\"group\" aria-roledescription=\"slide\" aria-label=\"18 z 23\"><figure class=\"swiper-slide-inner\"><img decoding=\"async\" class=\"swiper-slide-image\" src=\"https:\/\/www.bodyclub.cz\/wp-content\/uploads\/2024\/11\/Handy.jpg\" alt=\"Handy\" \/><\/figure><\/div><div class=\"swiper-slide\" role=\"group\" aria-roledescription=\"slide\" aria-label=\"19 z 23\"><figure class=\"swiper-slide-inner\"><img decoding=\"async\" class=\"swiper-slide-image\" src=\"https:\/\/www.bodyclub.cz\/wp-content\/uploads\/2024\/11\/DSCsport.jpg\" alt=\"DSCsport\" \/><\/figure><\/div><div class=\"swiper-slide\" role=\"group\" aria-roledescription=\"slide\" aria-label=\"20 z 23\"><figure class=\"swiper-slide-inner\"><img decoding=\"async\" class=\"swiper-slide-image\" src=\"https:\/\/www.bodyclub.cz\/wp-content\/uploads\/2024\/11\/Elsoft.jpg\" alt=\"Elsoft\" \/><\/figure><\/div><div class=\"swiper-slide\" role=\"group\" aria-roledescription=\"slide\" aria-label=\"21 z 23\"><figure class=\"swiper-slide-inner\"><img decoding=\"async\" class=\"swiper-slide-image\" src=\"https:\/\/www.bodyclub.cz\/wp-content\/uploads\/2024\/11\/Elins.jpg\" alt=\"Elins\" \/><\/figure><\/div><div class=\"swiper-slide\" role=\"group\" aria-roledescription=\"slide\" aria-label=\"22 z 23\"><figure class=\"swiper-slide-inner\"><img decoding=\"async\" class=\"swiper-slide-image\" src=\"https:\/\/www.bodyclub.cz\/wp-content\/uploads\/2024\/11\/Dunlop.jpg\" alt=\"Dunlop\" \/><\/figure><\/div><div class=\"swiper-slide\" role=\"group\" aria-roledescription=\"slide\" aria-label=\"23 z 23\"><figure class=\"swiper-slide-inner\"><img decoding=\"async\" class=\"swiper-slide-image\" src=\"https:\/\/www.bodyclub.cz\/wp-content\/uploads\/2024\/11\/BUDA_reality.jpg\" alt=\"BUDA_reality\" \/><\/figure><\/div>\t\t\t<\/div>\n\t\t\t\t\t\t\t\n\t\t\t\t\t\t\t\t\t<\/div>\n\t\t\t\t<\/div>\n\t\t\t\t<\/div>\n\t\t\t\t\t<\/div>\n\t\t<\/div>\n\t\t\t\t\t<\/div>\n\t\t<\/section>\n\t\t\t\t<\/div>\n\t\t","protected":false},"excerpt":{"rendered":"<p>O n\u00e1s Co je Body Club Ji\u017e od roku 1998 po\u0159\u00e1d\u00e1 BODY CLUB, z.s. letn\u00ed rekreace. Tyto rekreace jsou ur\u010deny d\u011btem ve v\u011bku od 6 do 16 let.Zimn\u00ed rekreace po\u0159\u00e1d\u00e1 BODY SKI, z.s.. Tyto rekreace jsou ur\u010deny pouze pro rodiny s d\u011btmi. Velk\u00fd d\u016fraz je kladen nejen na kvalitu programov\u00e9 n\u00e1pln\u011b, ale tak\u00e9 na nadstandardn\u00ed&#8230;<\/p>\n","protected":false},"author":1,"featured_media":0,"parent":0,"menu_order":0,"comment_status":"closed","ping_status":"closed","template":"elementor_header_footer","meta":{"_kadence_starter_templates_imported_post":true,"_kad_post_transparent":"default","_kad_post_title":"hide","_kad_post_layout":"normal","_kad_post_sidebar_id":"","_kad_post_content_style":"unboxed","_kad_post_vertical_padding":"hide","_kad_post_feature":"hide","_kad_post_feature_position":"","_kad_post_header":false,"_kad_post_footer":false,"footnotes":""},"class_list":["post-489","page","type-page","status-publish","hentry"],"jetpack_sharing_enabled":true,"_links":{"self":[{"href":"https:\/\/www.bodyclub.cz\/index.php\/wp-json\/wp\/v2\/pages\/489","targetHints":{"allow":["GET"]}}],"collection":[{"href":"https:\/\/www.bodyclub.cz\/index.php\/wp-json\/wp\/v2\/pages"}],"about":[{"href":"https:\/\/www.bodyclub.cz\/index.php\/wp-json\/wp\/v2\/types\/page"}],"author":[{"embeddable":true,"href":"https:\/\/www.bodyclub.cz\/index.php\/wp-json\/wp\/v2\/users\/1"}],"replies":[{"embeddable":true,"href":"https:\/\/www.bodyclub.cz\/index.php\/wp-json\/wp\/v2\/comments?post=489"}],"version-history":[{"count":68,"href":"https:\/\/www.bodyclub.cz\/index.php\/wp-json\/wp\/v2\/pages\/489\/revisions"}],"predecessor-version":[{"id":1837,"href":"https:\/\/www.bodyclub.cz\/index.php\/wp-json\/wp\/v2\/pages\/489\/revisions\/1837"}],"wp:attachment":[{"href":"https:\/\/www.bodyclub.cz\/index.php\/wp-json\/wp\/v2\/media?parent=489"}],"curies":[{"name":"wp","href":"https:\/\/api.w.org\/{rel}","templated":true}]}}