{"id":1302,"date":"2024-10-29T22:41:35","date_gmt":"2024-10-29T21:41:35","guid":{"rendered":"https:\/\/www.bodyclub.cz\/?page_id=1302"},"modified":"2025-11-07T15:17:46","modified_gmt":"2025-11-07T14:17:46","slug":"zimni-tabory","status":"publish","type":"page","link":"https:\/\/www.bodyclub.cz\/index.php\/zimni-tabory\/","title":{"rendered":"Zimn\u00ed t\u00e1bory"},"content":{"rendered":"\t\t<div data-elementor-type=\"wp-page\" data-elementor-id=\"1302\" class=\"elementor elementor-1302\">\n\t\t\t\t\t\t<section class=\"elementor-section elementor-top-section elementor-element elementor-element-de3e550 elementor-section-height-min-height elementor-section-items-bottom elementor-section-boxed elementor-section-height-default\" data-id=\"de3e550\" data-element_type=\"section\" data-settings=\"{&quot;background_background&quot;:&quot;classic&quot;}\">\n\t\t\t\t\t\t\t<div class=\"elementor-background-overlay\"><\/div>\n\t\t\t\t\t\t\t<div class=\"elementor-container elementor-column-gap-default\">\n\t\t\t\t\t<div class=\"elementor-column elementor-col-100 elementor-top-column elementor-element elementor-element-311d6ae\" data-id=\"311d6ae\" data-element_type=\"column\">\n\t\t\t<div class=\"elementor-widget-wrap elementor-element-populated\">\n\t\t\t\t\t\t<div class=\"elementor-element elementor-element-bc384aa elementor-widget elementor-widget-heading\" data-id=\"bc384aa\" data-element_type=\"widget\" data-widget_type=\"heading.default\">\n\t\t\t\t<div class=\"elementor-widget-container\">\n\t\t\t<h1 class=\"elementor-heading-title elementor-size-default\">Zimn\u00ed t\u00e1bory<\/h1>\t\t<\/div>\n\t\t\t\t<\/div>\n\t\t\t\t<div class=\"elementor-element elementor-element-ad9e9c4 elementor-hidden-phone elementor-widget elementor-widget-spacer\" data-id=\"ad9e9c4\" data-element_type=\"widget\" data-widget_type=\"spacer.default\">\n\t\t\t\t<div class=\"elementor-widget-container\">\n\t\t\t\t\t<div class=\"elementor-spacer\">\n\t\t\t<div class=\"elementor-spacer-inner\"><\/div>\n\t\t<\/div>\n\t\t\t\t<\/div>\n\t\t\t\t<\/div>\n\t\t\t\t\t<\/div>\n\t\t<\/div>\n\t\t\t\t\t<\/div>\n\t\t<\/section>\n\t\t<div class=\"elementor-element elementor-element-b863d1d e-flex e-con-boxed e-con e-parent\" data-id=\"b863d1d\" data-element_type=\"container\">\n\t\t\t\t\t<div class=\"e-con-inner\">\n\t\t\t\t<div class=\"elementor-element elementor-element-0b07a08 elementor-widget elementor-widget-heading\" data-id=\"0b07a08\" data-element_type=\"widget\" data-widget_type=\"heading.default\">\n\t\t\t\t<div class=\"elementor-widget-container\">\n\t\t\t<h2 class=\"elementor-heading-title elementor-size-default\">Aktu\u00e1ln\u011b nab\u00edzen\u00e9 t\u00e1bory<\/h2>\t\t<\/div>\n\t\t\t\t<\/div>\n\t\t\t\t<div class=\"elementor-element elementor-element-b6413b4 elementor-widget elementor-widget-text-editor\" data-id=\"b6413b4\" data-element_type=\"widget\" data-widget_type=\"text-editor.default\">\n\t\t\t\t<div class=\"elementor-widget-container\">\n\t\t\t\t\t\t\t<div><strong>Kontakt na zimn\u00ed rekreace:<\/strong><\/div><div><p>Miloslav Ji\u0159\u00ed\u010dek, tel.: 603 875 385, email: <a href=\"mailto:agentura.body@volny.cz\" target=\"_blank\" rel=\"noopener\">agentura.body@volny.cz<\/a><\/p><p><strong>Zimn\u00ed rekreace:<br \/><\/strong>V dob\u011b jarn\u00edch pr\u00e1zdnin Zl\u00ednsk\u00e9ho a Jihomoravsk\u00e9ho kraje je p\u0159ipravena zimn\u00ed rekreace pro rodiny s d\u011btmi v Jesen\u00edk\u00e1ch, v hotelu BRANS (<a href=\"http:\/\/www.brans.cz\/\" target=\"_blank\" rel=\"noopener\" data-saferedirecturl=\"https:\/\/www.google.com\/url?q=http:\/\/www.brans.cz&amp;source=gmail&amp;ust=1730803352204000&amp;usg=AOvVaw2b-tarsiqMDWI64TxPilXn\">www.brans.cz<\/a>), kter\u00fd se nach\u00e1z\u00ed p\u0159\u00edmo ve SKI are\u00e1lu Kop\u0159ivn\u00e1. Ubytov\u00e1n\u00ed je v pokoj\u00edch s TV a vlastn\u00edm soci\u00e1ln\u00edm za\u0159\u00edzen\u00edm \u2013 sprchov\u00fd kout.<br \/>WI-FI a parkov\u00e1n\u00ed je zdarma. Za poplatek je k dispozici nov\u00e9 wellness centrum se saunou, v\u00ed\u0159ivkou a pivn\u00edmi lazn\u011bmi.<br \/>Ly\u017eov\u00e1n\u00ed bude prob\u00edhat ve SKI are\u00e1lu Kop\u0159ivn\u00e1 (<a href=\"http:\/\/www.koprivna.cz\/\" target=\"_blank\" rel=\"noopener\" data-saferedirecturl=\"https:\/\/www.google.com\/url?q=http:\/\/www.koprivna.cz&amp;source=gmail&amp;ust=1730803352204000&amp;usg=AOvVaw3Ci0fSSwWRWZNdz0tE-rT3\">www.koprivna.cz<\/a>) \u2013 740 m.n.m. Pobyt je zam\u011b\u0159en zejm\u00e9na na ly\u017eov\u00e1n\u00ed a snowboarding. V are\u00e1lu jsou vlastn\u00ed, um\u011ble zasn\u011b\u017eovan\u00e9 sjezdovky s mo\u017enost\u00ed ve\u010dern\u00edho ly\u017eov\u00e1n\u00ed.<\/p><p>P\u0159ihl\u00e1\u0161ku lze zaslat na e-mailovou adresu:\u00a0<b><a href=\"mailto:agentura.body@volny.cz\" target=\"_blank\" rel=\"noopener\">agentura.body@volny.cz<\/a><br \/><br \/><\/b><span style=\"font-family: var(--global-body-font-family);\">P\u0159ihl\u00e1\u0161ka ke sta\u017een\u00ed &#8211; <\/span><a style=\"font-family: var(--global-body-font-family);\" href=\"https:\/\/www.bodyclub.cz\/wp-content\/uploads\/2024\/11\/zavazna_prihlaska_zimni_BRANS_2025.docx\">ZDE<\/a><\/p><\/div>\t\t\t\t\t\t<\/div>\n\t\t\t\t<\/div>\n\t\t\t\t<div class=\"elementor-element elementor-element-bd90f98 elementor-widget elementor-widget-n-accordion\" data-id=\"bd90f98\" data-element_type=\"widget\" data-settings=\"{&quot;default_state&quot;:&quot;expanded&quot;,&quot;max_items_expended&quot;:&quot;one&quot;,&quot;n_accordion_animation_duration&quot;:{&quot;unit&quot;:&quot;ms&quot;,&quot;size&quot;:400,&quot;sizes&quot;:[]}}\" data-widget_type=\"nested-accordion.default\">\n\t\t\t\t<div class=\"elementor-widget-container\">\n\t\t\t\t\t<div class=\"e-n-accordion\" aria-label=\"Accordion. Open links with Enter or Space, close with Escape, and navigate with Arrow Keys\">\n\t\t\t\t\t\t<details id=\"e-n-accordion-item-1980\" class=\"e-n-accordion-item\" open>\n\t\t\t\t<summary class=\"e-n-accordion-item-title\" data-accordion-index=\"1\" tabindex=\"0\" aria-expanded=\"true\" aria-controls=\"e-n-accordion-item-1980\" >\n\t\t\t\t\t<span class='e-n-accordion-item-title-header'><div class=\"e-n-accordion-item-title-text\"> Jarn\u00ed pr\u00e1zdniny Jihomoravsk\u00e9ho kraje - 15.2. - 20.2.2026 <\/div><\/span>\n\t\t\t\t\t\t\t<span class='e-n-accordion-item-title-icon'>\n\t\t\t<span class='e-opened' ><svg aria-hidden=\"true\" class=\"e-font-icon-svg e-fas-minus\" viewBox=\"0 0 448 512\" xmlns=\"http:\/\/www.w3.org\/2000\/svg\"><path d=\"M416 208H32c-17.67 0-32 14.33-32 32v32c0 17.67 14.33 32 32 32h384c17.67 0 32-14.33 32-32v-32c0-17.67-14.33-32-32-32z\"><\/path><\/svg><\/span>\n\t\t\t<span class='e-closed'><svg aria-hidden=\"true\" class=\"e-font-icon-svg e-fas-plus\" viewBox=\"0 0 448 512\" xmlns=\"http:\/\/www.w3.org\/2000\/svg\"><path d=\"M416 208H272V64c0-17.67-14.33-32-32-32h-32c-17.67 0-32 14.33-32 32v144H32c-17.67 0-32 14.33-32 32v32c0 17.67 14.33 32 32 32h144v144c0 17.67 14.33 32 32 32h32c17.67 0 32-14.33 32-32V304h144c17.67 0 32-14.33 32-32v-32c0-17.67-14.33-32-32-32z\"><\/path><\/svg><\/span>\n\t\t<\/span>\n\n\t\t\t\t\t\t<\/summary>\n\t\t\t\t<div role=\"region\" aria-labelledby=\"e-n-accordion-item-1980\" class=\"elementor-element elementor-element-270d52d e-con-full e-flex e-con e-child\" data-id=\"270d52d\" data-element_type=\"container\">\n\t\t\t\t<div class=\"elementor-element elementor-element-a87cd6b elementor-widget elementor-widget-text-editor\" data-id=\"a87cd6b\" data-element_type=\"widget\" data-widget_type=\"text-editor.default\">\n\t\t\t\t<div class=\"elementor-widget-container\">\n\t\t\t\t\t\t\t<p><b>N\u00c1STUP:<\/b><br \/>Ned\u011ble 15.2.2026 od 15 hodin v hotelu BRANS, zah\u00e1jen\u00ed ve\u010de\u0159\u00ed v 18 hodin.<br \/><b>UKON\u010cEN\u00cd:<\/b><br \/>P\u00e1tek 20.2.2026, vyklizen\u00ed pokoj\u016f do 10 hodin, ukon\u010den\u00ed pobytu sn\u00eddan\u00ed.<\/p>\t\t\t\t\t\t<\/div>\n\t\t\t\t<\/div>\n\t\t\t\t<\/div>\n\t\t\t\t\t<\/details>\n\t\t\t\t\t\t<details id=\"e-n-accordion-item-1981\" class=\"e-n-accordion-item\" >\n\t\t\t\t<summary class=\"e-n-accordion-item-title\" data-accordion-index=\"2\" tabindex=\"-1\" aria-expanded=\"false\" aria-controls=\"e-n-accordion-item-1981\" >\n\t\t\t\t\t<span class='e-n-accordion-item-title-header'><div class=\"e-n-accordion-item-title-text\"> Jarn\u00ed pr\u00e1zdniny Zl\u00ednsk\u00e9ho kraje - 1.3. - 6.3.2026 <\/div><\/span>\n\t\t\t\t\t\t\t<span class='e-n-accordion-item-title-icon'>\n\t\t\t<span class='e-opened' ><svg aria-hidden=\"true\" class=\"e-font-icon-svg e-fas-minus\" viewBox=\"0 0 448 512\" xmlns=\"http:\/\/www.w3.org\/2000\/svg\"><path d=\"M416 208H32c-17.67 0-32 14.33-32 32v32c0 17.67 14.33 32 32 32h384c17.67 0 32-14.33 32-32v-32c0-17.67-14.33-32-32-32z\"><\/path><\/svg><\/span>\n\t\t\t<span class='e-closed'><svg aria-hidden=\"true\" class=\"e-font-icon-svg e-fas-plus\" viewBox=\"0 0 448 512\" xmlns=\"http:\/\/www.w3.org\/2000\/svg\"><path d=\"M416 208H272V64c0-17.67-14.33-32-32-32h-32c-17.67 0-32 14.33-32 32v144H32c-17.67 0-32 14.33-32 32v32c0 17.67 14.33 32 32 32h144v144c0 17.67 14.33 32 32 32h32c17.67 0 32-14.33 32-32V304h144c17.67 0 32-14.33 32-32v-32c0-17.67-14.33-32-32-32z\"><\/path><\/svg><\/span>\n\t\t<\/span>\n\n\t\t\t\t\t\t<\/summary>\n\t\t\t\t<div role=\"region\" aria-labelledby=\"e-n-accordion-item-1981\" class=\"elementor-element elementor-element-8878422 e-con-full e-flex e-con e-child\" data-id=\"8878422\" data-element_type=\"container\">\n\t\t\t\t<div class=\"elementor-element elementor-element-7e5d774 elementor-widget elementor-widget-text-editor\" data-id=\"7e5d774\" data-element_type=\"widget\" data-widget_type=\"text-editor.default\">\n\t\t\t\t<div class=\"elementor-widget-container\">\n\t\t\t\t\t\t\t<p><b>N\u00c1STUP:<\/b><br \/>Ned\u011ble 1.3.2026 od 15 hodin v hotelu BRANS, zah\u00e1jen\u00ed ve\u010de\u0159\u00ed v 18 hodin.<br \/><b>UKON\u010cEN\u00cd:<\/b><br \/>P\u00e1tek 6.3.2026, vyklizen\u00ed pokoj\u016f do 10 hodin, ukon\u010den\u00ed pobytu sn\u00eddan\u00ed.<\/p>\t\t\t\t\t\t<\/div>\n\t\t\t\t<\/div>\n\t\t\t\t<\/div>\n\t\t\t\t\t<\/details>\n\t\t\t\t\t<\/div>\n\t\t\t\t<\/div>\n\t\t\t\t<\/div>\n\t\t<div class=\"elementor-element elementor-element-c09bd64 e-con-full e-flex e-con e-child\" data-id=\"c09bd64\" data-element_type=\"container\">\n\t\t\t\t<div class=\"elementor-element elementor-element-0e05cf1 elementor-widget elementor-widget-text-editor\" data-id=\"0e05cf1\" data-element_type=\"widget\" data-widget_type=\"text-editor.default\">\n\t\t\t\t<div class=\"elementor-widget-container\">\n\t\t\t\t\t\t\t<p><b>CENA:<br \/><\/b><span style=\"text-align: var(--text-align); background-color: transparent; color: var(--global-palette3); font-family: var(--global-body-font-family);\">d\u011bti 3\u201315 let: <\/span><span style=\"text-align: var(--text-align); background-color: transparent; color: var(--global-palette3); font-family: var(--global-body-font-family);\"><b>5.690 K\u010d<br \/><\/b><\/span><span style=\"text-align: var(--text-align); background-color: transparent; color: var(--global-palette3); font-family: var(--global-body-font-family);\">dosp\u011bl\u00ed:<\/span><b style=\"text-align: var(--text-align); background-color: transparent; color: var(--global-palette3); font-family: var(--global-body-font-family);\"> 6.290 K\u010d<\/b><\/p><ul><li><b>CENA ZAHRNUJE:<\/b><ul><li>ubytov\u00e1n\u00ed v hotelu BRANS<\/li><li>stravu 4x denn\u011b (sn\u00eddan\u011b \u2013 RAUT)<\/li><li>pitn\u00fd re\u017eim po cel\u00fd den<\/li><\/ul><\/li><\/ul><p>Ceny SKIpas\u016f jsou v jedn\u00e1n\u00ed!<\/p><p>Jednotnou platbu za rodinu prove\u010fte do <strong>15<\/strong><b>.1.2026<\/b>\u00a0bankovn\u00edm p\u0159evodem na<b>\u00a0\u010d. \u00fa. 2101877361\/2010, zpr\u00e1va pro p\u0159\u00edjemce p\u0159\u00edjmen\u00ed &#8211; JM (ZL)<\/b><\/p><p><span style=\"text-align: var(--text-align); background-color: transparent; color: var(--global-palette3); font-family: var(--global-body-font-family);\">Mo\u017enost \u010derp\u00e1n\u00ed p\u0159\u00edsp\u011bvku z FKSP zam\u011bstnavatele, zdravotn\u00ed poji\u0161\u0165ovny<\/span><\/p>\t\t\t\t\t\t<\/div>\n\t\t\t\t<\/div>\n\t\t\t\t<\/div>\n\t\t\t\t\t<\/div>\n\t\t\t\t<\/div>\n\t\t<div class=\"elementor-element elementor-element-67f0eff e-flex e-con-boxed e-con e-parent\" data-id=\"67f0eff\" data-element_type=\"container\">\n\t\t\t\t\t<div class=\"e-con-inner\">\n\t\t\t\t<div class=\"elementor-element elementor-element-f910e4a elementor-widget elementor-widget-image-gallery\" data-id=\"f910e4a\" data-element_type=\"widget\" data-widget_type=\"image-gallery.default\">\n\t\t\t\t<div class=\"elementor-widget-container\">\n\t\t\t\t\t<div class=\"elementor-image-gallery\">\n\t\t\t<div id='gallery-1' class='gallery galleryid-1302 gallery-columns-4 gallery-size-thumbnail'><figure class='gallery-item'>\n\t\t\t<div class='gallery-icon landscape'>\n\t\t\t\t<a data-elementor-open-lightbox=\"yes\" data-elementor-lightbox-slideshow=\"f910e4a\" data-elementor-lightbox-title=\"brans\" data-e-action-hash=\"#elementor-action%3Aaction%3Dlightbox%26settings%3DeyJpZCI6MTY0NSwidXJsIjoiaHR0cHM6XC9cL3d3dy5ib2R5Y2x1Yi5jelwvd3AtY29udGVudFwvdXBsb2Fkc1wvMjAyNFwvMTFcL2JyYW5zLmpwZyIsInNsaWRlc2hvdyI6ImY5MTBlNGEifQ%3D%3D\" href='https:\/\/www.bodyclub.cz\/wp-content\/uploads\/2024\/11\/brans.jpg'><img decoding=\"async\" width=\"150\" height=\"150\" src=\"https:\/\/www.bodyclub.cz\/wp-content\/uploads\/2024\/11\/brans-150x150.jpg\" class=\"attachment-thumbnail size-thumbnail\" alt=\"\" \/><\/a>\n\t\t\t<\/div><\/figure><figure class='gallery-item'>\n\t\t\t<div class='gallery-icon landscape'>\n\t\t\t\t<a data-elementor-open-lightbox=\"yes\" data-elementor-lightbox-slideshow=\"f910e4a\" data-elementor-lightbox-title=\"horsky-hotel-brans-mala-moravka-photo-1\" data-e-action-hash=\"#elementor-action%3Aaction%3Dlightbox%26settings%3DeyJpZCI6MTY0NiwidXJsIjoiaHR0cHM6XC9cL3d3dy5ib2R5Y2x1Yi5jelwvd3AtY29udGVudFwvdXBsb2Fkc1wvMjAyNFwvMTFcL2hvcnNreS1ob3RlbC1icmFucy1tYWxhLW1vcmF2a2EtcGhvdG8tMS5qcGciLCJzbGlkZXNob3ciOiJmOTEwZTRhIn0%3D\" href='https:\/\/www.bodyclub.cz\/wp-content\/uploads\/2024\/11\/horsky-hotel-brans-mala-moravka-photo-1.jpg'><img decoding=\"async\" width=\"150\" height=\"150\" src=\"https:\/\/www.bodyclub.cz\/wp-content\/uploads\/2024\/11\/horsky-hotel-brans-mala-moravka-photo-1-150x150.jpg\" class=\"attachment-thumbnail size-thumbnail\" alt=\"\" \/><\/a>\n\t\t\t<\/div><\/figure><figure class='gallery-item'>\n\t\t\t<div class='gallery-icon landscape'>\n\t\t\t\t<a data-elementor-open-lightbox=\"yes\" data-elementor-lightbox-slideshow=\"f910e4a\" data-elementor-lightbox-title=\"20230421180529_WX8Y2Q--c750x560-q95\" data-e-action-hash=\"#elementor-action%3Aaction%3Dlightbox%26settings%3DeyJpZCI6MTY0NCwidXJsIjoiaHR0cHM6XC9cL3d3dy5ib2R5Y2x1Yi5jelwvd3AtY29udGVudFwvdXBsb2Fkc1wvMjAyNFwvMTFcLzIwMjMwNDIxMTgwNTI5X1dYOFkyUS1jNzUweDU2MC1xOTUuanBnIiwic2xpZGVzaG93IjoiZjkxMGU0YSJ9\" href='https:\/\/www.bodyclub.cz\/wp-content\/uploads\/2024\/11\/20230421180529_WX8Y2Q-c750x560-q95.jpg'><img decoding=\"async\" width=\"150\" height=\"150\" src=\"https:\/\/www.bodyclub.cz\/wp-content\/uploads\/2024\/11\/20230421180529_WX8Y2Q-c750x560-q95-150x150.jpg\" class=\"attachment-thumbnail size-thumbnail\" alt=\"\" \/><\/a>\n\t\t\t<\/div><\/figure><figure class='gallery-item'>\n\t\t\t<div class='gallery-icon landscape'>\n\t\t\t\t<a data-elementor-open-lightbox=\"yes\" data-elementor-lightbox-slideshow=\"f910e4a\" data-elementor-lightbox-title=\"450223697\" data-e-action-hash=\"#elementor-action%3Aaction%3Dlightbox%26settings%3DeyJpZCI6MTY0MSwidXJsIjoiaHR0cHM6XC9cL3d3dy5ib2R5Y2x1Yi5jelwvd3AtY29udGVudFwvdXBsb2Fkc1wvMjAyNFwvMTFcLzQ1MDIyMzY5Ny5qcGciLCJzbGlkZXNob3ciOiJmOTEwZTRhIn0%3D\" href='https:\/\/www.bodyclub.cz\/wp-content\/uploads\/2024\/11\/450223697.jpg'><img loading=\"lazy\" decoding=\"async\" width=\"150\" height=\"150\" src=\"https:\/\/www.bodyclub.cz\/wp-content\/uploads\/2024\/11\/450223697-150x150.jpg\" class=\"attachment-thumbnail size-thumbnail\" alt=\"\" \/><\/a>\n\t\t\t<\/div><\/figure><figure class='gallery-item'>\n\t\t\t<div class='gallery-icon landscape'>\n\t\t\t\t<a data-elementor-open-lightbox=\"yes\" data-elementor-lightbox-slideshow=\"f910e4a\" data-elementor-lightbox-title=\"450224307\" data-e-action-hash=\"#elementor-action%3Aaction%3Dlightbox%26settings%3DeyJpZCI6MTY0MiwidXJsIjoiaHR0cHM6XC9cL3d3dy5ib2R5Y2x1Yi5jelwvd3AtY29udGVudFwvdXBsb2Fkc1wvMjAyNFwvMTFcLzQ1MDIyNDMwNy5qcGciLCJzbGlkZXNob3ciOiJmOTEwZTRhIn0%3D\" href='https:\/\/www.bodyclub.cz\/wp-content\/uploads\/2024\/11\/450224307.jpg'><img loading=\"lazy\" decoding=\"async\" width=\"150\" height=\"150\" src=\"https:\/\/www.bodyclub.cz\/wp-content\/uploads\/2024\/11\/450224307-150x150.jpg\" class=\"attachment-thumbnail size-thumbnail\" alt=\"\" \/><\/a>\n\t\t\t<\/div><\/figure><figure class='gallery-item'>\n\t\t\t<div class='gallery-icon landscape'>\n\t\t\t\t<a data-elementor-open-lightbox=\"yes\" data-elementor-lightbox-slideshow=\"f910e4a\" data-elementor-lightbox-title=\"01_0\" data-e-action-hash=\"#elementor-action%3Aaction%3Dlightbox%26settings%3DeyJpZCI6MTY0MCwidXJsIjoiaHR0cHM6XC9cL3d3dy5ib2R5Y2x1Yi5jelwvd3AtY29udGVudFwvdXBsb2Fkc1wvMjAyNFwvMTFcLzAxXzAuanBnIiwic2xpZGVzaG93IjoiZjkxMGU0YSJ9\" href='https:\/\/www.bodyclub.cz\/wp-content\/uploads\/2024\/11\/01_0.jpg'><img loading=\"lazy\" decoding=\"async\" width=\"150\" height=\"150\" src=\"https:\/\/www.bodyclub.cz\/wp-content\/uploads\/2024\/11\/01_0-150x150.jpg\" class=\"attachment-thumbnail size-thumbnail\" alt=\"\" srcset=\"https:\/\/www.bodyclub.cz\/wp-content\/uploads\/2024\/11\/01_0-150x150.jpg 150w, https:\/\/www.bodyclub.cz\/wp-content\/uploads\/2024\/11\/01_0-300x300.jpg 300w, https:\/\/www.bodyclub.cz\/wp-content\/uploads\/2024\/11\/01_0.jpg 480w\" sizes=\"(max-width: 150px) 100vw, 150px\" \/><\/a>\n\t\t\t<\/div><\/figure><figure class='gallery-item'>\n\t\t\t<div class='gallery-icon portrait'>\n\t\t\t\t<a data-elementor-open-lightbox=\"yes\" data-elementor-lightbox-slideshow=\"f910e4a\" data-elementor-lightbox-title=\"meteo\" data-e-action-hash=\"#elementor-action%3Aaction%3Dlightbox%26settings%3DeyJpZCI6MTY0OSwidXJsIjoiaHR0cHM6XC9cL3d3dy5ib2R5Y2x1Yi5jelwvd3AtY29udGVudFwvdXBsb2Fkc1wvMjAyNFwvMTFcL21ldGVvLnBuZyIsInNsaWRlc2hvdyI6ImY5MTBlNGEifQ%3D%3D\" href='https:\/\/www.bodyclub.cz\/wp-content\/uploads\/2024\/11\/meteo.png'><img loading=\"lazy\" decoding=\"async\" width=\"150\" height=\"150\" src=\"https:\/\/www.bodyclub.cz\/wp-content\/uploads\/2024\/11\/meteo-150x150.png\" class=\"attachment-thumbnail size-thumbnail\" alt=\"\" \/><\/a>\n\t\t\t<\/div><\/figure><figure class='gallery-item'>\n\t\t\t<div class='gallery-icon landscape'>\n\t\t\t\t<a data-elementor-open-lightbox=\"yes\" data-elementor-lightbox-slideshow=\"f910e4a\" data-elementor-lightbox-title=\"Mala_Moravka_skiareal_Koprivna_05_large\" data-e-action-hash=\"#elementor-action%3Aaction%3Dlightbox%26settings%3DeyJpZCI6MTY0OCwidXJsIjoiaHR0cHM6XC9cL3d3dy5ib2R5Y2x1Yi5jelwvd3AtY29udGVudFwvdXBsb2Fkc1wvMjAyNFwvMTFcL01hbGFfTW9yYXZrYV9za2lhcmVhbF9Lb3ByaXZuYV8wNV9sYXJnZS5qcGciLCJzbGlkZXNob3ciOiJmOTEwZTRhIn0%3D\" href='https:\/\/www.bodyclub.cz\/wp-content\/uploads\/2024\/11\/Mala_Moravka_skiareal_Koprivna_05_large.jpg'><img loading=\"lazy\" decoding=\"async\" width=\"150\" height=\"150\" src=\"https:\/\/www.bodyclub.cz\/wp-content\/uploads\/2024\/11\/Mala_Moravka_skiareal_Koprivna_05_large-150x150.jpg\" class=\"attachment-thumbnail size-thumbnail\" alt=\"\" \/><\/a>\n\t\t\t<\/div><\/figure><figure class='gallery-item'>\n\t\t\t<div class='gallery-icon landscape'>\n\t\t\t\t<a data-elementor-open-lightbox=\"yes\" data-elementor-lightbox-slideshow=\"f910e4a\" data-elementor-lightbox-title=\"Mala_Moravka_skiareal_Koprivna_02_large\" data-e-action-hash=\"#elementor-action%3Aaction%3Dlightbox%26settings%3DeyJpZCI6MTY0NywidXJsIjoiaHR0cHM6XC9cL3d3dy5ib2R5Y2x1Yi5jelwvd3AtY29udGVudFwvdXBsb2Fkc1wvMjAyNFwvMTFcL01hbGFfTW9yYXZrYV9za2lhcmVhbF9Lb3ByaXZuYV8wMl9sYXJnZS5qcGciLCJzbGlkZXNob3ciOiJmOTEwZTRhIn0%3D\" href='https:\/\/www.bodyclub.cz\/wp-content\/uploads\/2024\/11\/Mala_Moravka_skiareal_Koprivna_02_large.jpg'><img loading=\"lazy\" decoding=\"async\" width=\"150\" height=\"150\" src=\"https:\/\/www.bodyclub.cz\/wp-content\/uploads\/2024\/11\/Mala_Moravka_skiareal_Koprivna_02_large-150x150.jpg\" class=\"attachment-thumbnail size-thumbnail\" alt=\"\" \/><\/a>\n\t\t\t<\/div><\/figure>\n\t\t<\/div>\n\t\t<\/div>\n\t\t\t\t<\/div>\n\t\t\t\t<\/div>\n\t\t\t\t\t<\/div>\n\t\t\t\t<\/div>\n\t\t\t\t<\/div>\n\t\t","protected":false},"excerpt":{"rendered":"<p>Zimn\u00ed t\u00e1bory Aktu\u00e1ln\u011b nab\u00edzen\u00e9 t\u00e1bory Kontakt na zimn\u00ed rekreace: Miloslav Ji\u0159\u00ed\u010dek, tel.: 603 875 385, email: agentura.body@volny.cz Zimn\u00ed rekreace:V dob\u011b jarn\u00edch pr\u00e1zdnin Zl\u00ednsk\u00e9ho a Jihomoravsk\u00e9ho kraje je p\u0159ipravena zimn\u00ed rekreace pro rodiny s d\u011btmi v Jesen\u00edk\u00e1ch, v hotelu BRANS (www.brans.cz), kter\u00fd se nach\u00e1z\u00ed p\u0159\u00edmo ve SKI are\u00e1lu Kop\u0159ivn\u00e1. Ubytov\u00e1n\u00ed je v pokoj\u00edch s TV a&#8230;<\/p>\n","protected":false},"author":1,"featured_media":0,"parent":0,"menu_order":0,"comment_status":"closed","ping_status":"closed","template":"","meta":{"_kadence_starter_templates_imported_post":false,"_kad_post_transparent":"","_kad_post_title":"hide","_kad_post_layout":"fullwidth","_kad_post_sidebar_id":"","_kad_post_content_style":"unboxed","_kad_post_vertical_padding":"hide","_kad_post_feature":"hide","_kad_post_feature_position":"","_kad_post_header":false,"_kad_post_footer":false,"footnotes":""},"class_list":["post-1302","page","type-page","status-publish","hentry"],"jetpack_sharing_enabled":true,"_links":{"self":[{"href":"https:\/\/www.bodyclub.cz\/index.php\/wp-json\/wp\/v2\/pages\/1302","targetHints":{"allow":["GET"]}}],"collection":[{"href":"https:\/\/www.bodyclub.cz\/index.php\/wp-json\/wp\/v2\/pages"}],"about":[{"href":"https:\/\/www.bodyclub.cz\/index.php\/wp-json\/wp\/v2\/types\/page"}],"author":[{"embeddable":true,"href":"https:\/\/www.bodyclub.cz\/index.php\/wp-json\/wp\/v2\/users\/1"}],"replies":[{"embeddable":true,"href":"https:\/\/www.bodyclub.cz\/index.php\/wp-json\/wp\/v2\/comments?post=1302"}],"version-history":[{"count":55,"href":"https:\/\/www.bodyclub.cz\/index.php\/wp-json\/wp\/v2\/pages\/1302\/revisions"}],"predecessor-version":[{"id":1850,"href":"https:\/\/www.bodyclub.cz\/index.php\/wp-json\/wp\/v2\/pages\/1302\/revisions\/1850"}],"wp:attachment":[{"href":"https:\/\/www.bodyclub.cz\/index.php\/wp-json\/wp\/v2\/media?parent=1302"}],"curies":[{"name":"wp","href":"https:\/\/api.w.org\/{rel}","templated":true}]}}