{"id":1298,"date":"2024-10-29T22:40:41","date_gmt":"2024-10-29T21:40:41","guid":{"rendered":"https:\/\/www.bodyclub.cz\/?page_id=1298"},"modified":"2026-03-20T17:28:10","modified_gmt":"2026-03-20T16:28:10","slug":"letni-tabory","status":"publish","type":"page","link":"https:\/\/www.bodyclub.cz\/index.php\/letni-tabory\/","title":{"rendered":"Letn\u00ed t\u00e1bory"},"content":{"rendered":"\t\t<div data-elementor-type=\"wp-page\" data-elementor-id=\"1298\" class=\"elementor elementor-1298\">\n\t\t\t\t\t\t<section class=\"elementor-section elementor-top-section elementor-element elementor-element-24133ce elementor-section-height-min-height elementor-section-items-bottom elementor-section-boxed elementor-section-height-default\" data-id=\"24133ce\" data-element_type=\"section\" data-settings=\"{&quot;background_background&quot;:&quot;classic&quot;}\">\n\t\t\t\t\t\t\t<div class=\"elementor-background-overlay\"><\/div>\n\t\t\t\t\t\t\t<div class=\"elementor-container elementor-column-gap-default\">\n\t\t\t\t\t<div class=\"elementor-column elementor-col-100 elementor-top-column elementor-element elementor-element-880db70\" data-id=\"880db70\" data-element_type=\"column\">\n\t\t\t<div class=\"elementor-widget-wrap elementor-element-populated\">\n\t\t\t\t\t\t<div class=\"elementor-element elementor-element-b88d402 elementor-widget elementor-widget-heading\" data-id=\"b88d402\" data-element_type=\"widget\" data-widget_type=\"heading.default\">\n\t\t\t\t<div class=\"elementor-widget-container\">\n\t\t\t<h1 class=\"elementor-heading-title elementor-size-default\">Letn\u00ed t\u00e1bory<\/h1>\t\t<\/div>\n\t\t\t\t<\/div>\n\t\t\t\t<div class=\"elementor-element elementor-element-9f243f5 elementor-hidden-phone elementor-widget elementor-widget-spacer\" data-id=\"9f243f5\" data-element_type=\"widget\" data-widget_type=\"spacer.default\">\n\t\t\t\t<div class=\"elementor-widget-container\">\n\t\t\t\t\t<div class=\"elementor-spacer\">\n\t\t\t<div class=\"elementor-spacer-inner\"><\/div>\n\t\t<\/div>\n\t\t\t\t<\/div>\n\t\t\t\t<\/div>\n\t\t\t\t\t<\/div>\n\t\t<\/div>\n\t\t\t\t\t<\/div>\n\t\t<\/section>\n\t\t<div class=\"elementor-element elementor-element-39b577e e-flex e-con-boxed e-con e-parent\" data-id=\"39b577e\" data-element_type=\"container\">\n\t\t\t\t\t<div class=\"e-con-inner\">\n\t\t\t\t<div class=\"elementor-element elementor-element-ccbb24c elementor-widget elementor-widget-heading\" data-id=\"ccbb24c\" data-element_type=\"widget\" data-widget_type=\"heading.default\">\n\t\t\t\t<div class=\"elementor-widget-container\">\n\t\t\t<h2 class=\"elementor-heading-title elementor-size-default\">Aktu\u00e1ln\u011b nab\u00edzen\u00e9 t\u00e1bory<\/h2>\t\t<\/div>\n\t\t\t\t<\/div>\n\t\t\t\t<div class=\"elementor-element elementor-element-28682a0 elementor-widget elementor-widget-text-editor\" data-id=\"28682a0\" data-element_type=\"widget\" data-widget_type=\"text-editor.default\">\n\t\t\t\t<div class=\"elementor-widget-container\">\n\t\t\t\t\t\t\t<div><p><strong>Kontakt na letn\u00ed rekreace:<\/strong><\/p><\/div><div>\u00a0Jakub \u0160laha\u0159, tel.: 732 561 804, email: <a href=\"mailto:agentura.body@volny.cz\" target=\"_blank\" rel=\"noopener\">agentura.bodyclub@gmail.com<\/a><\/div><div>\u00a0<\/div><div><strong>Term\u00edny letn\u00edch rekreac\u00ed:<\/strong><\/div>\t\t\t\t\t\t<\/div>\n\t\t\t\t<\/div>\n\t\t\t\t<div class=\"elementor-element elementor-element-32a47b8 elementor-widget elementor-widget-n-accordion\" data-id=\"32a47b8\" data-element_type=\"widget\" data-settings=\"{&quot;default_state&quot;:&quot;expanded&quot;,&quot;max_items_expended&quot;:&quot;one&quot;,&quot;n_accordion_animation_duration&quot;:{&quot;unit&quot;:&quot;ms&quot;,&quot;size&quot;:400,&quot;sizes&quot;:[]}}\" data-widget_type=\"nested-accordion.default\">\n\t\t\t\t<div class=\"elementor-widget-container\">\n\t\t\t\t\t<div class=\"e-n-accordion\" aria-label=\"Accordion. Open links with Enter or Space, close with Escape, and navigate with Arrow Keys\">\n\t\t\t\t\t\t<details id=\"e-n-accordion-item-5310\" class=\"e-n-accordion-item\" open>\n\t\t\t\t<summary class=\"e-n-accordion-item-title\" data-accordion-index=\"1\" tabindex=\"0\" aria-expanded=\"true\" aria-controls=\"e-n-accordion-item-5310\" >\n\t\t\t\t\t<span class='e-n-accordion-item-title-header'><div class=\"e-n-accordion-item-title-text\"> RUSAVA I. - 19.7.-24.7.2026 <\/div><\/span>\n\t\t\t\t\t\t\t<span class='e-n-accordion-item-title-icon'>\n\t\t\t<span class='e-opened' ><svg aria-hidden=\"true\" class=\"e-font-icon-svg e-fas-minus\" viewBox=\"0 0 448 512\" xmlns=\"http:\/\/www.w3.org\/2000\/svg\"><path d=\"M416 208H32c-17.67 0-32 14.33-32 32v32c0 17.67 14.33 32 32 32h384c17.67 0 32-14.33 32-32v-32c0-17.67-14.33-32-32-32z\"><\/path><\/svg><\/span>\n\t\t\t<span class='e-closed'><svg aria-hidden=\"true\" class=\"e-font-icon-svg e-fas-plus\" viewBox=\"0 0 448 512\" xmlns=\"http:\/\/www.w3.org\/2000\/svg\"><path d=\"M416 208H272V64c0-17.67-14.33-32-32-32h-32c-17.67 0-32 14.33-32 32v144H32c-17.67 0-32 14.33-32 32v32c0 17.67 14.33 32 32 32h144v144c0 17.67 14.33 32 32 32h32c17.67 0 32-14.33 32-32V304h144c17.67 0 32-14.33 32-32v-32c0-17.67-14.33-32-32-32z\"><\/path><\/svg><\/span>\n\t\t<\/span>\n\n\t\t\t\t\t\t<\/summary>\n\t\t\t\t<div role=\"region\" aria-labelledby=\"e-n-accordion-item-5310\" class=\"elementor-element elementor-element-8914c0e e-con-full e-flex e-con e-child\" data-id=\"8914c0e\" data-element_type=\"container\">\n\t\t\t\t<div class=\"elementor-element elementor-element-efebcd2 elementor-widget elementor-widget-text-editor\" data-id=\"efebcd2\" data-element_type=\"widget\" data-widget_type=\"text-editor.default\">\n\t\t\t\t<div class=\"elementor-widget-container\">\n\t\t\t\t\t\t\t<p><br \/><b>Cena: 5.400 K\u010d<br \/><\/b>Platebn\u00ed instrukce:\u00a0<br \/>\u00a0 \u00a0 \u00a0 \u00a0 \u00a0&#8211; \u010d\u00edslo \u00fa\u010dtu: <strong>2500953923\/2010\u00a0 \u00a0 \u00a0 \u00a0 \u00a0 \u00a0 \u00a0 \u00a0 \u00a0 \u00a0 \u00a0 \u00a0 \u00a0\u00a0<\/strong> \u00a0&#8211; po telefonick\u00e9 domluv\u011b mo\u017enost platby v hotovosti\u00a0<br \/>\u00a0 \u00a0 \u00a0 \u00a0 \u00a0&#8211; variabiln\u00ed symbol: <strong>R\u010c<\/strong> d\u00edt\u011bte<br \/>\u00a0 \u00a0 \u00a0 \u00a0 \u00a0&#8211; pozn\u00e1mka: jm\u00e9no a p\u0159\u00edjmen\u00ed d\u00edt\u011bte<br \/>\u00a0 \u00a0 \u00a0 \u00a0 \u00a0&#8211; splatnost 10.6.2026<\/p><p><strong>Rusava I.<\/strong><br \/>\u00a0 \u00a0 \u00a0 \u00a0 <strong>&#8211; ODJEZD:<\/strong> Ned\u011ble 19.7.2026 v 15:00 hodin z ul. U zimn\u00edho stadionu (to\u010dna trolejbus\u016f pod sport. halou) ve Zl\u00edn\u011b<br \/>\u00a0 \u00a0 \u00a0 \u00a0 <strong>&#8211; P\u0158\u00cdJEZD:<\/strong> P\u00e1tek 24.7.2026 ve 14:30 hodin na ul. U zimn\u00edho stadionu (to\u010dna trolejbus\u016f pod sport. halou) ve Zl\u00edn\u011b<\/p>\t\t\t\t\t\t<\/div>\n\t\t\t\t<\/div>\n\t\t\t\t<\/div>\n\t\t\t\t\t<\/details>\n\t\t\t\t\t\t<details id=\"e-n-accordion-item-5311\" class=\"e-n-accordion-item\" >\n\t\t\t\t<summary class=\"e-n-accordion-item-title\" data-accordion-index=\"2\" tabindex=\"-1\" aria-expanded=\"false\" aria-controls=\"e-n-accordion-item-5311\" >\n\t\t\t\t\t<span class='e-n-accordion-item-title-header'><div class=\"e-n-accordion-item-title-text\"> RUSAVA II. - 16.8.-21.8.2026 <\/div><\/span>\n\t\t\t\t\t\t\t<span class='e-n-accordion-item-title-icon'>\n\t\t\t<span class='e-opened' ><svg aria-hidden=\"true\" class=\"e-font-icon-svg e-fas-minus\" viewBox=\"0 0 448 512\" xmlns=\"http:\/\/www.w3.org\/2000\/svg\"><path d=\"M416 208H32c-17.67 0-32 14.33-32 32v32c0 17.67 14.33 32 32 32h384c17.67 0 32-14.33 32-32v-32c0-17.67-14.33-32-32-32z\"><\/path><\/svg><\/span>\n\t\t\t<span class='e-closed'><svg aria-hidden=\"true\" class=\"e-font-icon-svg e-fas-plus\" viewBox=\"0 0 448 512\" xmlns=\"http:\/\/www.w3.org\/2000\/svg\"><path d=\"M416 208H272V64c0-17.67-14.33-32-32-32h-32c-17.67 0-32 14.33-32 32v144H32c-17.67 0-32 14.33-32 32v32c0 17.67 14.33 32 32 32h144v144c0 17.67 14.33 32 32 32h32c17.67 0 32-14.33 32-32V304h144c17.67 0 32-14.33 32-32v-32c0-17.67-14.33-32-32-32z\"><\/path><\/svg><\/span>\n\t\t<\/span>\n\n\t\t\t\t\t\t<\/summary>\n\t\t\t\t<div role=\"region\" aria-labelledby=\"e-n-accordion-item-5311\" class=\"elementor-element elementor-element-34c7ccb e-flex e-con-boxed e-con e-child\" data-id=\"34c7ccb\" data-element_type=\"container\">\n\t\t\t\t\t<div class=\"e-con-inner\">\n\t\t\t\t<div class=\"elementor-element elementor-element-5e76210 elementor-widget elementor-widget-text-editor\" data-id=\"5e76210\" data-element_type=\"widget\" data-widget_type=\"text-editor.default\">\n\t\t\t\t<div class=\"elementor-widget-container\">\n\t\t\t\t\t\t\t<p class=\"p1\"><b>Cena: 5.550 K\u010d<br \/><\/b>Platebn\u00ed instrukce:\u00a0<br \/>\u00a0 \u00a0 \u00a0 \u00a0 \u00a0&#8211; \u010d\u00edslo \u00fa\u010dtu: <strong>2500953923\/2010<\/strong>\u00a0 \u00a0 \u00a0 \u00a0 \u00a0 \u00a0 \u00a0 \u00a0 \u00a0 \u00a0 \u00a0 \u00a0 \u00a0 \u00a0 \u00a0&#8211; po telefonick\u00e9 domluv\u011b mo\u017enost platby v hotovosti\u00a0\u00a0<br \/>\u00a0 \u00a0 \u00a0 \u00a0 \u00a0&#8211; variabiln\u00ed symbol: <strong>R\u010c<\/strong> d\u00edt\u011bte<br \/>\u00a0 \u00a0 \u00a0 \u00a0 \u00a0&#8211; pozn\u00e1mka: jm\u00e9no a p\u0159\u00edjmen\u00ed d\u00edt\u011bte<br \/>\u00a0 \u00a0 \u00a0 \u00a0 \u00a0&#8211; splatnost 15.7.2026<\/p><p class=\"p1\"><strong>Rusava II.\u00a0<br \/>\u00a0 \u00a0 \u00a0 \u00a0 &#8211; ODJEZD: <\/strong>Ned\u011ble 16.8.2026 v 15:00 hodin z ul. U zimn\u00edho stadionu (to\u010dna trolejbus\u016f pod sport. halou) ve Zl\u00edn\u011b<strong><br \/>\u00a0 \u00a0 \u00a0 \u00a0 &#8211; P\u0158\u00cdJEZD: <\/strong>P\u00e1tek 21.8.2026 ve 14:30 hodin na ul. U zimn\u00edho stadionu (to\u010dna trolejbus\u016f pod sport. halou) ve Zl\u00edn\u011b<\/p>\t\t\t\t\t\t<\/div>\n\t\t\t\t<\/div>\n\t\t\t\t\t<\/div>\n\t\t\t\t<\/div>\n\t\t\t\t\t<\/details>\n\t\t\t\t\t<\/div>\n\t\t\t\t<\/div>\n\t\t\t\t<\/div>\n\t\t\t\t\t<\/div>\n\t\t\t\t<\/div>\n\t\t<div class=\"elementor-element elementor-element-0e7aed5 e-flex e-con-boxed e-con e-parent\" data-id=\"0e7aed5\" data-element_type=\"container\">\n\t\t\t\t\t<div class=\"e-con-inner\">\n\t\t\t\t<div class=\"elementor-element elementor-element-b5aeed8 elementor-widget elementor-widget-heading\" data-id=\"b5aeed8\" data-element_type=\"widget\" data-widget_type=\"heading.default\">\n\t\t\t\t<div class=\"elementor-widget-container\">\n\t\t\t<h3 class=\"elementor-heading-title elementor-size-default\">Dokumenty ke sta\u017een\u00ed<\/h3>\t\t<\/div>\n\t\t\t\t<\/div>\n\t\t\t\t<div class=\"elementor-element elementor-element-8294e99 elementor-widget elementor-widget-text-editor\" data-id=\"8294e99\" data-element_type=\"widget\" data-widget_type=\"text-editor.default\">\n\t\t\t\t<div class=\"elementor-widget-container\">\n\t\t\t\t\t\t\t<ul><li><a href=\"https:\/\/www.bodyclub.cz\/wp-content\/uploads\/2025\/11\/zavazna_prihlaska_leto_2026_rusava.docx\"><strong>Z\u00e1vazn\u00e1 p\u0159ihl\u00e1\u0161ka na Rusavu 2026<\/strong><\/a><\/li><li><a href=\"https:\/\/www.bodyclub.cz\/wp-content\/uploads\/2025\/04\/DETI-potvrzeni_od_lekare.docx\">Potvrzen\u00ed od l\u00e9ka\u0159e na t\u00e1bor<\/a><\/li><li><a href=\"https:\/\/www.bodyclub.cz\/wp-content\/uploads\/2025\/04\/formular_o_bezinfekcnosti_2024.doc\">Formul\u00e1\u0159 o bezinfek\u010dnosti<\/a><\/li><li><a href=\"https:\/\/www.bodyclub.cz\/wp-content\/uploads\/2025\/04\/SEZNAM-DOPORUCENYCH-VECI-NA-TABOR.pdf\">Seznam doporu\u010den\u00fdch v\u011bc\u00ed na t\u00e1bor<\/a><\/li><\/ul>\t\t\t\t\t\t<\/div>\n\t\t\t\t<\/div>\n\t\t\t\t\t<\/div>\n\t\t\t\t<\/div>\n\t\t\t\t<\/div>\n\t\t","protected":false},"excerpt":{"rendered":"<p>Letn\u00ed t\u00e1bory Aktu\u00e1ln\u011b nab\u00edzen\u00e9 t\u00e1bory Kontakt na letn\u00ed rekreace: \u00a0Jakub \u0160laha\u0159, tel.: 732 561 804, email: agentura.bodyclub@gmail.com\u00a0Term\u00edny letn\u00edch rekreac\u00ed: RUSAVA I. &#8211; 19.7.-24.7.2026 Cena: 5.400 K\u010dPlatebn\u00ed instrukce:\u00a0\u00a0 \u00a0 \u00a0 \u00a0 \u00a0&#8211; \u010d\u00edslo \u00fa\u010dtu: 2500953923\/2010\u00a0 \u00a0 \u00a0 \u00a0 \u00a0 \u00a0 \u00a0 \u00a0 \u00a0 \u00a0 \u00a0 \u00a0 \u00a0\u00a0 \u00a0&#8211; po telefonick\u00e9 domluv\u011b mo\u017enost platby v hotovosti\u00a0\u00a0 \u00a0&#8230;<\/p>\n","protected":false},"author":1,"featured_media":0,"parent":0,"menu_order":0,"comment_status":"closed","ping_status":"closed","template":"","meta":{"_kadence_starter_templates_imported_post":false,"_kad_post_transparent":"","_kad_post_title":"hide","_kad_post_layout":"fullwidth","_kad_post_sidebar_id":"","_kad_post_content_style":"unboxed","_kad_post_vertical_padding":"hide","_kad_post_feature":"hide","_kad_post_feature_position":"","_kad_post_header":false,"_kad_post_footer":false,"footnotes":""},"class_list":["post-1298","page","type-page","status-publish","hentry"],"jetpack_sharing_enabled":true,"_links":{"self":[{"href":"https:\/\/www.bodyclub.cz\/index.php\/wp-json\/wp\/v2\/pages\/1298","targetHints":{"allow":["GET"]}}],"collection":[{"href":"https:\/\/www.bodyclub.cz\/index.php\/wp-json\/wp\/v2\/pages"}],"about":[{"href":"https:\/\/www.bodyclub.cz\/index.php\/wp-json\/wp\/v2\/types\/page"}],"author":[{"embeddable":true,"href":"https:\/\/www.bodyclub.cz\/index.php\/wp-json\/wp\/v2\/users\/1"}],"replies":[{"embeddable":true,"href":"https:\/\/www.bodyclub.cz\/index.php\/wp-json\/wp\/v2\/comments?post=1298"}],"version-history":[{"count":123,"href":"https:\/\/www.bodyclub.cz\/index.php\/wp-json\/wp\/v2\/pages\/1298\/revisions"}],"predecessor-version":[{"id":1900,"href":"https:\/\/www.bodyclub.cz\/index.php\/wp-json\/wp\/v2\/pages\/1298\/revisions\/1900"}],"wp:attachment":[{"href":"https:\/\/www.bodyclub.cz\/index.php\/wp-json\/wp\/v2\/media?parent=1298"}],"curies":[{"name":"wp","href":"https:\/\/api.w.org\/{rel}","templated":true}]}}