{"id":1205,"date":"2020-10-13T10:55:57","date_gmt":"2020-10-13T07:55:57","guid":{"rendered":"http:\/\/www.grafas.org\/demo01\/?page_id=10"},"modified":"2025-06-17T21:16:45","modified_gmt":"2025-06-17T19:16:45","slug":"uvod","status":"publish","type":"page","link":"https:\/\/www.bodyclub.cz\/","title":{"rendered":"\u00davod"},"content":{"rendered":"\t\t<div data-elementor-type=\"wp-page\" data-elementor-id=\"1205\" class=\"elementor elementor-1205\">\n\t\t\t\t\t\t<section class=\"elementor-section elementor-top-section elementor-element elementor-element-8828dd8 elementor-section-height-min-height elementor-section-boxed elementor-section-height-default elementor-section-items-middle\" data-id=\"8828dd8\" data-element_type=\"section\" data-settings=\"{&quot;background_background&quot;:&quot;classic&quot;}\">\n\t\t\t\t\t\t\t<div class=\"elementor-background-overlay\"><\/div>\n\t\t\t\t\t\t\t<div class=\"elementor-container elementor-column-gap-default\">\n\t\t\t\t\t<div class=\"elementor-column elementor-col-100 elementor-top-column elementor-element elementor-element-6d43801\" data-id=\"6d43801\" data-element_type=\"column\">\n\t\t\t<div class=\"elementor-widget-wrap elementor-element-populated\">\n\t\t\t\t\t\t<div class=\"elementor-element elementor-element-31c8d6d elementor-widget elementor-widget-heading\" data-id=\"31c8d6d\" data-element_type=\"widget\" data-widget_type=\"heading.default\">\n\t\t\t\t<div class=\"elementor-widget-container\">\n\t\t\t<h1 class=\"elementor-heading-title elementor-size-default\">Po\u0159\u00e1d\u00e1me d\u011btsk\u00e9 rekreace!<\/h1>\t\t<\/div>\n\t\t\t\t<\/div>\n\t\t\t\t<div class=\"elementor-element elementor-element-107a700 elementor-widget elementor-widget-text-editor\" data-id=\"107a700\" data-element_type=\"widget\" data-widget_type=\"text-editor.default\">\n\t\t\t\t<div class=\"elementor-widget-container\">\n\t\t\t\t\t\t\t<p class=\"p1\"><b>V\u00edtejte na str\u00e1nk\u00e1ch BODY CLUBU.<\/b><\/p>\t\t\t\t\t\t<\/div>\n\t\t\t\t<\/div>\n\t\t\t\t\t<\/div>\n\t\t<\/div>\n\t\t\t\t\t<\/div>\n\t\t<\/section>\n\t\t<div class=\"elementor-element elementor-element-d7915cc e-flex e-con-boxed e-con e-parent\" data-id=\"d7915cc\" data-element_type=\"container\">\n\t\t\t\t\t<div class=\"e-con-inner\">\n\t\t<div class=\"elementor-element elementor-element-2a2a918 e-con-full e-flex e-con e-child\" data-id=\"2a2a918\" data-element_type=\"container\">\n\t\t\t\t<div class=\"elementor-element elementor-element-7007e51 elementor-widget elementor-widget-heading\" data-id=\"7007e51\" data-element_type=\"widget\" data-widget_type=\"heading.default\">\n\t\t\t\t<div class=\"elementor-widget-container\">\n\t\t\t<h2 class=\"elementor-heading-title elementor-size-default\">Co je Body Club<\/h2>\t\t<\/div>\n\t\t\t\t<\/div>\n\t\t\t\t<div class=\"elementor-element elementor-element-897254b elementor-widget elementor-widget-text-editor\" data-id=\"897254b\" data-element_type=\"widget\" data-widget_type=\"text-editor.default\">\n\t\t\t\t<div class=\"elementor-widget-container\">\n\t\t\t\t\t\t\t<p class=\"p1\">Ji\u017e od roku 1998 po\u0159\u00e1d\u00e1 BODY CLUB, z.s. letn\u00ed a BODY SKI, z.s. zimn\u00ed d\u011btsk\u00e9 rekreace. Tyto rekreace jsou ur\u010deny d\u011btem ve v\u011bku od 6 do 16 let. Velk\u00fd d\u016fraz je kladen nejen na kvalitu programov\u00e9 n\u00e1pln\u011b, ale tak\u00e9 na nadstandardn\u00ed \u00farove\u0148 ubytov\u00e1n\u00ed a stravov\u00e1n\u00ed.<\/p>\t\t\t\t\t\t<\/div>\n\t\t\t\t<\/div>\n\t\t\t\t<div class=\"elementor-element elementor-element-f12be03 elementor-widget elementor-widget-button\" data-id=\"f12be03\" data-element_type=\"widget\" data-widget_type=\"button.default\">\n\t\t\t\t<div class=\"elementor-widget-container\">\n\t\t\t\t\t\t\t<div class=\"elementor-button-wrapper\">\n\t\t\t\t\t<a class=\"elementor-button elementor-button-link elementor-size-sm\" href=\"https:\/\/www.bodyclub.cz\/index.php\/o-nas\/\">\n\t\t\t\t\t\t<span class=\"elementor-button-content-wrapper\">\n\t\t\t\t\t\t\t\t\t<span class=\"elementor-button-text\">O n\u00e1s<\/span>\n\t\t\t\t\t<\/span>\n\t\t\t\t\t<\/a>\n\t\t\t\t<\/div>\n\t\t\t\t\t\t<\/div>\n\t\t\t\t<\/div>\n\t\t\t\t<\/div>\n\t\t<div class=\"elementor-element elementor-element-69604d2 e-con-full e-flex e-con e-child\" data-id=\"69604d2\" data-element_type=\"container\">\n\t\t\t\t<div class=\"elementor-element elementor-element-bfa4bad elementor-widget elementor-widget-image\" data-id=\"bfa4bad\" data-element_type=\"widget\" data-widget_type=\"image.default\">\n\t\t\t\t<div class=\"elementor-widget-container\">\n\t\t\t\t\t\t\t\t\t\t\t\t\t<img fetchpriority=\"high\" decoding=\"async\" width=\"960\" height=\"720\" src=\"https:\/\/www.bodyclub.cz\/wp-content\/uploads\/2024\/10\/303293615_600611811539556_2528769863299912960_n.jpg\" class=\"attachment-large size-large wp-image-1315\" alt=\"\" srcset=\"https:\/\/www.bodyclub.cz\/wp-content\/uploads\/2024\/10\/303293615_600611811539556_2528769863299912960_n.jpg 960w, https:\/\/www.bodyclub.cz\/wp-content\/uploads\/2024\/10\/303293615_600611811539556_2528769863299912960_n-300x225.jpg 300w, https:\/\/www.bodyclub.cz\/wp-content\/uploads\/2024\/10\/303293615_600611811539556_2528769863299912960_n-768x576.jpg 768w\" sizes=\"(max-width: 960px) 100vw, 960px\" \/>\t\t\t\t\t\t\t\t\t\t\t\t\t<\/div>\n\t\t\t\t<\/div>\n\t\t\t\t<\/div>\n\t\t\t\t\t<\/div>\n\t\t\t\t<\/div>\n\t\t\t\t<section class=\"elementor-section elementor-top-section elementor-element elementor-element-c80a811 elementor-section-boxed elementor-section-height-default elementor-section-height-default\" data-id=\"c80a811\" data-element_type=\"section\">\n\t\t\t\t\t\t<div class=\"elementor-container elementor-column-gap-default\">\n\t\t\t\t\t<div class=\"elementor-column elementor-col-100 elementor-top-column elementor-element elementor-element-aa1281e\" data-id=\"aa1281e\" data-element_type=\"column\">\n\t\t\t<div class=\"elementor-widget-wrap elementor-element-populated\">\n\t\t\t\t\t\t<div class=\"elementor-element elementor-element-cd6797e elementor-widget elementor-widget-heading\" data-id=\"cd6797e\" data-element_type=\"widget\" data-widget_type=\"heading.default\">\n\t\t\t\t<div class=\"elementor-widget-container\">\n\t\t\t<h4 class=\"elementor-heading-title elementor-size-default\">Podporuj\u00ed n\u00e1s<\/h4>\t\t<\/div>\n\t\t\t\t<\/div>\n\t\t\t\t<div class=\"elementor-element elementor-element-450ed04 elementor-widget elementor-widget-image-carousel\" data-id=\"450ed04\" data-element_type=\"widget\" data-settings=\"{&quot;slides_to_show&quot;:&quot;5&quot;,&quot;navigation&quot;:&quot;none&quot;,&quot;slides_to_show_mobile&quot;:&quot;2&quot;,&quot;autoplay_speed&quot;:1000,&quot;autoplay&quot;:&quot;yes&quot;,&quot;pause_on_hover&quot;:&quot;yes&quot;,&quot;pause_on_interaction&quot;:&quot;yes&quot;,&quot;infinite&quot;:&quot;yes&quot;,&quot;speed&quot;:500}\" data-widget_type=\"image-carousel.default\">\n\t\t\t\t<div class=\"elementor-widget-container\">\n\t\t\t\t\t<div class=\"elementor-image-carousel-wrapper swiper\" dir=\"ltr\">\n\t\t\t<div class=\"elementor-image-carousel swiper-wrapper\" aria-live=\"off\">\n\t\t\t\t\t\t\t\t<div class=\"swiper-slide\" role=\"group\" aria-roledescription=\"slide\" aria-label=\"1 z 23\"><figure class=\"swiper-slide-inner\"><img decoding=\"async\" class=\"swiper-slide-image\" src=\"https:\/\/www.bodyclub.cz\/wp-content\/uploads\/2024\/11\/logo-VEST.webp\" alt=\"logo VEST\" \/><\/figure><\/div><div class=\"swiper-slide\" role=\"group\" aria-roledescription=\"slide\" aria-label=\"2 z 23\"><figure class=\"swiper-slide-inner\"><img decoding=\"async\" class=\"swiper-slide-image\" src=\"https:\/\/www.bodyclub.cz\/wp-content\/uploads\/2024\/11\/AdriaG.jpg\" alt=\"AdriaG\" \/><\/figure><\/div><div class=\"swiper-slide\" role=\"group\" aria-roledescription=\"slide\" aria-label=\"3 z 23\"><figure class=\"swiper-slide-inner\"><img decoding=\"async\" class=\"swiper-slide-image\" src=\"https:\/\/www.bodyclub.cz\/wp-content\/uploads\/2024\/11\/Jana.jpg\" alt=\"Jana\" \/><\/figure><\/div><div class=\"swiper-slide\" role=\"group\" aria-roledescription=\"slide\" aria-label=\"4 z 23\"><figure class=\"swiper-slide-inner\"><img decoding=\"async\" class=\"swiper-slide-image\" src=\"https:\/\/www.bodyclub.cz\/wp-content\/uploads\/2024\/11\/Capri.jpg\" alt=\"Capri\" \/><\/figure><\/div><div class=\"swiper-slide\" role=\"group\" aria-roledescription=\"slide\" aria-label=\"5 z 23\"><figure class=\"swiper-slide-inner\"><img decoding=\"async\" class=\"swiper-slide-image\" src=\"https:\/\/www.bodyclub.cz\/wp-content\/uploads\/2024\/11\/logo-MCDonald-1.jpg\" alt=\"logo MCDonald\" \/><\/figure><\/div><div class=\"swiper-slide\" role=\"group\" aria-roledescription=\"slide\" aria-label=\"6 z 23\"><figure class=\"swiper-slide-inner\"><img decoding=\"async\" class=\"swiper-slide-image\" src=\"https:\/\/www.bodyclub.cz\/wp-content\/uploads\/2025\/02\/terno.png\" alt=\"terno\" \/><\/figure><\/div><div class=\"swiper-slide\" role=\"group\" aria-roledescription=\"slide\" aria-label=\"7 z 23\"><figure class=\"swiper-slide-inner\"><img decoding=\"async\" class=\"swiper-slide-image\" src=\"https:\/\/www.bodyclub.cz\/wp-content\/uploads\/2024\/11\/Svob_Bre.jpg\" alt=\"Svob_Bre\" \/><\/figure><\/div><div class=\"swiper-slide\" role=\"group\" aria-roledescription=\"slide\" aria-label=\"8 z 23\"><figure class=\"swiper-slide-inner\"><img decoding=\"async\" class=\"swiper-slide-image\" src=\"https:\/\/www.bodyclub.cz\/wp-content\/uploads\/2024\/11\/Kamaro.jpg\" alt=\"Kamaro\" \/><\/figure><\/div><div class=\"swiper-slide\" role=\"group\" aria-roledescription=\"slide\" aria-label=\"9 z 23\"><figure class=\"swiper-slide-inner\"><img decoding=\"async\" class=\"swiper-slide-image\" src=\"https:\/\/www.bodyclub.cz\/wp-content\/uploads\/2024\/11\/Toboga.jpg\" alt=\"Toboga\" \/><\/figure><\/div><div class=\"swiper-slide\" role=\"group\" aria-roledescription=\"slide\" aria-label=\"10 z 23\"><figure class=\"swiper-slide-inner\"><img decoding=\"async\" class=\"swiper-slide-image\" src=\"https:\/\/www.bodyclub.cz\/wp-content\/uploads\/2024\/11\/Wicke.jpg\" alt=\"Wicke\" \/><\/figure><\/div><div class=\"swiper-slide\" role=\"group\" aria-roledescription=\"slide\" aria-label=\"11 z 23\"><figure class=\"swiper-slide-inner\"><img decoding=\"async\" class=\"swiper-slide-image\" src=\"https:\/\/www.bodyclub.cz\/wp-content\/uploads\/2024\/11\/Rovenika.jpg\" alt=\"Rovenika\" \/><\/figure><\/div><div class=\"swiper-slide\" role=\"group\" aria-roledescription=\"slide\" aria-label=\"12 z 23\"><figure class=\"swiper-slide-inner\"><img decoding=\"async\" class=\"swiper-slide-image\" src=\"https:\/\/www.bodyclub.cz\/wp-content\/uploads\/2024\/11\/PODpivovar.jpg\" alt=\"PODpivovar\" \/><\/figure><\/div><div class=\"swiper-slide\" role=\"group\" aria-roledescription=\"slide\" aria-label=\"13 z 23\"><figure class=\"swiper-slide-inner\"><img decoding=\"async\" class=\"swiper-slide-image\" src=\"https:\/\/www.bodyclub.cz\/wp-content\/uploads\/2025\/02\/Coral-Travel_logo.png\" alt=\"Coral Travel_logo\" \/><\/figure><\/div><div class=\"swiper-slide\" role=\"group\" aria-roledescription=\"slide\" aria-label=\"14 z 23\"><figure class=\"swiper-slide-inner\"><img decoding=\"async\" class=\"swiper-slide-image\" src=\"https:\/\/www.bodyclub.cz\/wp-content\/uploads\/2024\/11\/Prohevea.jpg\" alt=\"Prohevea\" \/><\/figure><\/div><div class=\"swiper-slide\" role=\"group\" aria-roledescription=\"slide\" aria-label=\"15 z 23\"><figure class=\"swiper-slide-inner\"><img decoding=\"async\" class=\"swiper-slide-image\" src=\"https:\/\/www.bodyclub.cz\/wp-content\/uploads\/2024\/11\/2018_LOGO_JIP_S_PRECHODY.png\" alt=\"2018_LOGO_JIP_S_PRECHODY\" \/><\/figure><\/div><div class=\"swiper-slide\" role=\"group\" aria-roledescription=\"slide\" aria-label=\"16 z 23\"><figure class=\"swiper-slide-inner\"><img decoding=\"async\" class=\"swiper-slide-image\" src=\"https:\/\/www.bodyclub.cz\/wp-content\/uploads\/2024\/11\/ICA.jpg\" alt=\"ICA\" \/><\/figure><\/div><div class=\"swiper-slide\" role=\"group\" aria-roledescription=\"slide\" aria-label=\"17 z 23\"><figure class=\"swiper-slide-inner\"><img decoding=\"async\" class=\"swiper-slide-image\" src=\"https:\/\/www.bodyclub.cz\/wp-content\/uploads\/2024\/11\/Gugex.jpg\" alt=\"Gugex\" \/><\/figure><\/div><div class=\"swiper-slide\" role=\"group\" aria-roledescription=\"slide\" aria-label=\"18 z 23\"><figure class=\"swiper-slide-inner\"><img decoding=\"async\" class=\"swiper-slide-image\" src=\"https:\/\/www.bodyclub.cz\/wp-content\/uploads\/2024\/11\/Handy.jpg\" alt=\"Handy\" \/><\/figure><\/div><div class=\"swiper-slide\" role=\"group\" aria-roledescription=\"slide\" aria-label=\"19 z 23\"><figure class=\"swiper-slide-inner\"><img decoding=\"async\" class=\"swiper-slide-image\" src=\"https:\/\/www.bodyclub.cz\/wp-content\/uploads\/2024\/11\/DSCsport.jpg\" alt=\"DSCsport\" \/><\/figure><\/div><div class=\"swiper-slide\" role=\"group\" aria-roledescription=\"slide\" aria-label=\"20 z 23\"><figure class=\"swiper-slide-inner\"><img decoding=\"async\" class=\"swiper-slide-image\" src=\"https:\/\/www.bodyclub.cz\/wp-content\/uploads\/2024\/11\/Elsoft.jpg\" alt=\"Elsoft\" \/><\/figure><\/div><div class=\"swiper-slide\" role=\"group\" aria-roledescription=\"slide\" aria-label=\"21 z 23\"><figure class=\"swiper-slide-inner\"><img decoding=\"async\" class=\"swiper-slide-image\" src=\"https:\/\/www.bodyclub.cz\/wp-content\/uploads\/2024\/11\/Elins.jpg\" alt=\"Elins\" \/><\/figure><\/div><div class=\"swiper-slide\" role=\"group\" aria-roledescription=\"slide\" aria-label=\"22 z 23\"><figure class=\"swiper-slide-inner\"><img decoding=\"async\" class=\"swiper-slide-image\" src=\"https:\/\/www.bodyclub.cz\/wp-content\/uploads\/2024\/11\/Dunlop.jpg\" alt=\"Dunlop\" \/><\/figure><\/div><div class=\"swiper-slide\" role=\"group\" aria-roledescription=\"slide\" aria-label=\"23 z 23\"><figure class=\"swiper-slide-inner\"><img decoding=\"async\" class=\"swiper-slide-image\" src=\"https:\/\/www.bodyclub.cz\/wp-content\/uploads\/2024\/11\/BUDA_reality.jpg\" alt=\"BUDA_reality\" \/><\/figure><\/div>\t\t\t<\/div>\n\t\t\t\t\t\t\t\n\t\t\t\t\t\t\t\t\t<\/div>\n\t\t\t\t<\/div>\n\t\t\t\t<\/div>\n\t\t\t\t\t<\/div>\n\t\t<\/div>\n\t\t\t\t\t<\/div>\n\t\t<\/section>\n\t\t\t\t<\/div>\n\t\t","protected":false},"excerpt":{"rendered":"<p>Po\u0159\u00e1d\u00e1me d\u011btsk\u00e9 rekreace! V\u00edtejte na str\u00e1nk\u00e1ch BODY CLUBU. Co je Body Club Ji\u017e od roku 1998 po\u0159\u00e1d\u00e1 BODY CLUB, z.s. letn\u00ed a BODY SKI, z.s. zimn\u00ed d\u011btsk\u00e9 rekreace. Tyto rekreace jsou ur\u010deny d\u011btem ve v\u011bku od 6 do 16 let. Velk\u00fd d\u016fraz je kladen nejen na kvalitu programov\u00e9 n\u00e1pln\u011b, ale tak\u00e9 na nadstandardn\u00ed \u00farove\u0148 ubytov\u00e1n\u00ed&#8230;<\/p>\n","protected":false},"author":1,"featured_media":0,"parent":0,"menu_order":0,"comment_status":"closed","ping_status":"closed","template":"elementor_header_footer","meta":{"_kadence_starter_templates_imported_post":true,"_kad_post_transparent":"","_kad_post_title":"hide","_kad_post_layout":"normal","_kad_post_sidebar_id":"","_kad_post_content_style":"unboxed","_kad_post_vertical_padding":"hide","_kad_post_feature":"hide","_kad_post_feature_position":"","_kad_post_header":false,"_kad_post_footer":false,"footnotes":""},"class_list":["post-1205","page","type-page","status-publish","hentry"],"jetpack_sharing_enabled":true,"_links":{"self":[{"href":"https:\/\/www.bodyclub.cz\/index.php\/wp-json\/wp\/v2\/pages\/1205","targetHints":{"allow":["GET"]}}],"collection":[{"href":"https:\/\/www.bodyclub.cz\/index.php\/wp-json\/wp\/v2\/pages"}],"about":[{"href":"https:\/\/www.bodyclub.cz\/index.php\/wp-json\/wp\/v2\/types\/page"}],"author":[{"embeddable":true,"href":"https:\/\/www.bodyclub.cz\/index.php\/wp-json\/wp\/v2\/users\/1"}],"replies":[{"embeddable":true,"href":"https:\/\/www.bodyclub.cz\/index.php\/wp-json\/wp\/v2\/comments?post=1205"}],"version-history":[{"count":74,"href":"https:\/\/www.bodyclub.cz\/index.php\/wp-json\/wp\/v2\/pages\/1205\/revisions"}],"predecessor-version":[{"id":1840,"href":"https:\/\/www.bodyclub.cz\/index.php\/wp-json\/wp\/v2\/pages\/1205\/revisions\/1840"}],"wp:attachment":[{"href":"https:\/\/www.bodyclub.cz\/index.php\/wp-json\/wp\/v2\/media?parent=1205"}],"curies":[{"name":"wp","href":"https:\/\/api.w.org\/{rel}","templated":true}]}}